{"id":6038,"date":"2026-01-10T16:10:38","date_gmt":"2026-01-10T15:10:38","guid":{"rendered":"https:\/\/www.meandmyhands.com\/terms-conditions\/"},"modified":"2026-01-10T16:10:39","modified_gmt":"2026-01-10T15:10:39","slug":"terms-conditions","status":"publish","type":"page","link":"https:\/\/www.meandmyhands.com\/de\/terms-conditions\/","title":{"rendered":"Terms &amp; Conditions"},"content":{"rendered":"\n<p><strong>AGB\/Widerrufsbelehrung<\/strong><br\/><br\/>Angaben gem\u00e4\u00df \u00a7 5 TMG<br\/>Katharina Forster<br\/>Am Zernsee 7c<br\/>14542 Werder (Havel)<br\/>Deutschland<br\/>Steuernummer: 048\/220\/11603<\/p>\n\n<p><br\/><strong>Kontakt<\/strong><br\/>E-Mail: shop@meandmyhands.com<\/p>\n\n<p><br\/><strong>1 Geltung, Begriffsdefinitionen<\/strong><br\/>Meandmyhands \u2013 Katharina Forster, Am Zernsee 7c, 14542 Werder Havel, Deutschland, Telefon: 015755832939, (im Folgenden: \u201ewir\/uns\u201c) betreibt unter der Webseite https:\/\/meandmyhands.com einen Online-Shop f\u00fcr Kunstwerke. Die nachfolgenden allgemeinen Gesch\u00e4ftsbedingungen gelten f\u00fcr alle Leistungen zwischen uns und unseren Kunden (im Folgenden: \u201eKunde\u201c oder \u201eSie\u201c) in ihrer zum Zeitpunkt der Bestellung g\u00fcltigen Fassung, soweit nicht etwas anderes ausdr\u00fccklich vereinbart wurde. <br\/><br\/>Die folgenden Regelungen \u00fcber den Vertragsabschluss gelten f\u00fcr Bestellungen \u00fcber unseren Online-Shop unter https:\/\/www.meandmyhands.com<\/p>\n\n<p>Unsere Produktdarstellungen im Internet sind unverbindlich und kein verbindliches Angebot zum Abschluss eines Vertrages.<\/p>\n\n<p><br\/><strong>Haftung f\u00fcr Inhalte<\/strong><br\/>Als Diensteanbieter sind wir gem\u00e4\u00df \u00a7 7 Abs.1 TMG f\u00fcr eigene Inhalte auf diesen Seiten nach den allgemeinen Gesetzen verantwortlich. Nach \u00a7\u00a7 8 bis 10 TMG sind wir als Diensteanbieter jedoch nicht verpflichtet, \u00fcbermittelte oder gespeicherte fremde Informationen zu \u00fcberwachen oder nach Umst\u00e4nden zu forschen, die auf eine rechtswidrige T\u00e4tigkeit hinweisen. Verpflichtungen zur Entfernung oder Sperrung der Nutzung von Informationen nach den allgemeinen Gesetzen bleiben hiervon unber\u00fchrt. Eine diesbez\u00fcgliche Haftung ist jedoch erst ab dem Zeitpunkt der Kenntnis einer konkrete Rechtsverletzung m\u00f6glich. Bei Bekanntwerden von entsprechenden Rechtsverletzungen werden wir diese Inhalte umgehend entfernen.     <br\/><br\/><strong>Haftung f\u00fcr Links<\/strong><br\/>Unser Angebot enth\u00e4lt Links zu externen Websites Dritter, auf deren Inhalte wir keinen Einfluss haben. Deshalb k\u00f6nnen wir f\u00fcr diese fremden Inhalte auchkeine Gew\u00e4hr \u00fcbernehmen. F\u00fcr die Inhalte der verlinkten Seiten ist stets der jeweilige Anbieter oder Betreiber der Seiten verantwortlich. Die verlinkten Seiten wurden zum Zeitpunkt der Verlinkung auf m\u00f6gliche Rechtsverst\u00f6\u00dfe \u00fcberpr\u00fcft. Rechtswidrige Inhalte waren zum Zeitpunkt der Verlinkung nicht<br\/>erkennbar.    <br\/><br\/>Eine permanente inhaltliche Kontrolle der verlinkten Seiten ist jedoch ohne konkrete Anhaltspunkte einer Rechtsverletzung nicht zumutbar. Bei Bekanntwerden von Rechtsverletzungen werden wir derartige Links umgehend entfernen. <br\/><br\/><strong>Urheberrecht<\/strong><br\/>Die durch die Seitenbetreiber erstellten Inhalte und Werke auf diesen Seiten unterliegen dem deutschen Urheberrecht. Die Vervielf\u00e4ltigung, Bearbeitung, Verbreitung und jede Art der Verwertung au\u00dferhalb der Grenzen des Urheberrechtes bed\u00fcrfen der schriftlichen Zustimmung des jeweiligen Autors bzw. Erstellers. Downloads und Kopien dieser Seite sind nur f\u00fcr den privaten,<br\/>nicht kommerziellen Gebrauch gestattet.   <br\/><br\/>Soweit die Inhalte auf dieser Seite nicht vom Betreiber erstellt wurden, werden die Urheberrechte Dritter beachtet. Insbesondere werden Inhalte Dritter als solche gekennzeichnet. Sollten Sie trotzdem auf eine Urheberrechtsverletzung aufmerksam werden, bitten wir um einen entsprechenden Hinweis. Bei Bekanntwerden von Rechtsverletzungen werden wir derartige Inhalte<br\/>umgehend entfernen.   <br\/><br\/><strong>Vertragsabschluss<\/strong><br\/>S\u00e4mtliche Angaben zu den Produkten, Produkteigenschaften und Preisen gelten vorbehaltlich Irrtum. Unser Angebot ist freibleibend.<br\/>Nach erfolgter Bestellung best\u00e4tigen wir Ihnen zun\u00e4chst den Eingang Ihrer Bestellung. Sie sind verpflichtet, uns eventuelle Abweichungen zwischen dieser Best\u00e4tigung und Ihrer Bestellung mitzuteilen. Die Vertragsannahme durch uns erfolgt erst durch die Auslieferung der Ware.<br\/>Es gelten die Preise zum Zeitpunkt der Bestellung. Die Geltungsdauer unserer befristeten Angebote erfahren Sie jeweils dort, wo sie im Shop dargestellt werden. Trotz sorgf\u00e4ltiger Bevorratung kann es vorkommen, dass ein Aktionsartikel schneller als vorgesehen ausverkauft ist. Wir geben deshalb keine Liefergarantie. Es gilt: Nur solange der Vorrat reicht.       <\/p>\n\n<p><strong>Bestellablauf<\/strong><br\/>Bei Eingang einer Bestellung in unserem Online-Shop gelten folgende Regelungen: Der Kunde gibt ein bindendes Vertragsangebot ab, indem er die in unserem Online-Shop vorgesehene Bestellprozedur erfolgreich durchl\u00e4uft.<br\/><br\/>Die Bestellung erfolgt in folgenden Schritten:<br\/>1. Auswahl der gew\u00fcnschten Ware<br\/>2. Hinzuf\u00fcgen der Produkte durch Anklicken des entsprechenden Buttons (z.B. \u201eIn den Warenkorb\u201c, \u201eIn die Einkaufstasche\u201c o.\u00e4.),<br\/>3. Pr\u00fcfung der Angaben im Warenkorb,3. Aufrufen der Bestell\u00fcbersicht durch Anklicken des entsprechenden Buttons (z.B. \u201eWeiter zur Kasse\u201c, \u201eWeiter zur Zahlung\u201c, \u201eZur Bestell\u00fcbersicht\u201c o.\u00e4.),<br\/>4. Eingabe\/Pr\u00fcfung der Adress- und Kontaktdaten, Auswahl der Zahlungsart, Best\u00e4tigung der AGB und Widerrufsbelehrung,<br\/>5. Abschluss der Bestellung durch Bet\u00e4tigung des Buttons \u201eJetzt kaufen\u201c. Dies stellt Ihre verbindliche Bestellung dar.<br\/>6. Der Vertrag kommt zustande, indem Ihnen innerhalb von drei Werktagen an die angegebene E-Mail-Adresse eine Bestellbest\u00e4tigung von uns zugeht.  <br\/><br\/>Im Falle des Vertragsschlusses kommt der Vertrag mit Meandmyhands Katharina Forster, Katharina Forster, Am Zernsee 7c, 14542 Werder Havel, Deutschland zustande.<br\/><br\/>Vor der Bestellung k\u00f6nnen die Vertragsdaten \u00fcber die Druckfunktion des Browsers ausgedruckt oder elektronisch gesichert werden. Die Abwicklung der Bestellung und \u00dcbermittlung aller im Zusammenhang mit dem Vertragsschluss erforderlichen Informationen, insbesondere der Bestelldaten, der AGB und der Widerrufsbelehrung, erfolgt per E-Mail nach dem Ausl\u00f6sen der Bestellung durch Sie, zum Teil automatisiert. Wir speichern den Vertragstext nach Vertragsschluss nicht.  <br\/><br\/>Eingabefehler k\u00f6nnen mittels der \u00fcblichen Tastatur-, Maus- und Browser- Funktionen (z.B. \u00bbZur\u00fcck-Button\u00ab des Browsers) berichtigt werden. Sie k\u00f6nnen auch dadurch berichtigt werden, dass Sie den Bestellvorgang vorzeitig abbrechen, das Browserfenster schlie\u00dfen und den Vorgang wiederholen.<br\/>Die Abwicklung der Bestellung und \u00dcbermittlung aller im Zusammenhang mit dem Vertragsschluss erforderlichen Informationen erfolgt per E-Mail zum Teil automatisiert. Sie haben deshalb sicherzustellen, dass die von Ihnen bei uns hinterlegte E-Mail-Adresse zutreffend ist, der Empfang der E-Mails technisch sichergestellt und insbesondere nicht durch SPAM-Filter verhindert wird.  <br\/><br\/><strong>Preise, Zahlungsbedingungen und Eigentumsvorbehalt<\/strong><br\/>Sofern sich aus der Produktbeschreibung des Verk\u00e4ufers nichts anderes ergibt, handelt es sich bei den angegebenen Preisen um Gesamtpreise. Umsatzsteuer wird ausgewiesen, sofern es sich nicht um Ware handelt, die der Differenzbesteuerung gem\u00e4\u00df \u00a7 25a UStG unterliegt. Gegebenenfalls zus\u00e4tzlich anfallende Liefer- und Versandkosten werden in der jeweiligen Produktbeschreibung gesondert angegeben.  <br\/><br\/>Unsere Preise verstehen sich inklusive der derzeit g\u00fcltigen deutschen Mehrwertsteuer. Au\u00dferhalb der EU verstehen sich die Preise exklusiv Umsatzsteuer.<br\/><br\/>Bitte beachten Sie, dass einige der angebotenen Artikel der Differenzbesteuerung nach \u00a725 UStG unterliegen. Die im Kaufpreis enthaltene Mehrwertsteuer kann bei differenzbesteuerten Artikeln in der Rechnung nicht gesondert ausgewiesen werden.<br\/><br\/>Bis zur vollst\u00e4ndigen Bezahlung bleibt die gelieferte Ware unser Eigentum.Bei Lieferungen in L\u00e4nder au\u00dferhalb der Europ\u00e4ischen Union k\u00f6nnen im Einzelfall weitere Kosten anfallen, die der Verk\u00e4ufer nicht zu vertreten hat und<br\/>die vom Kunden zu tragen sind. Hierzu z\u00e4hlen beispielsweise Kosten f\u00fcr die Geld\u00fcbermittlung durch Kreditinstitute (z.B. \u00dcberweisungsgeb\u00fchren, Wechselkursgeb\u00fchren) oder einfuhrrechtliche Abgaben bzw. Steuern (z.B. Z\u00f6lle). Solche Kosten k\u00f6nnen in Bezug auf die Geld\u00fcbermittlung auch dann anfallen, wenn die Lieferung nicht in ein Land au\u00dferhalb der Europ\u00e4ischen Union erfolgt, der Kunde die Zahlung aber von einem Land au\u00dferhalb der Europ\u00e4ischen Union aus vornimmt.<br\/><br\/>Ihre bestellte Ware k\u00f6nnen Sie per Paypal oder Vorkasse bezahlen. Ist Vorauskasse per Bank\u00fcberweisung vereinbart, ist die Zahlung sofort nachVertragsabschluss f\u00e4llig, sofern die Parteien keinen sp\u00e4teren F\u00e4lligkeitstermin vereinbart haben.<br\/><br\/>Bei Zahlung mittels einer von PayPal angebotenen Zahlungsart erfolgt die Zahlungsabwicklung \u00fcber den Zahlungsdienstleister PayPal (Europe) S.\u00e0 r.l. et Cie, S.C.A., 22-24 Boulevard Royal, L-2449 Luxembourg (im Folgenden: &#8220;PayPal&#8221;), unter Geltung der PayPal-Nutzungsbedingungen, einsehbar unter https:\/\/www.paypal.com\/de\/webapps\/mpp\/ua\/useragreement-full oder &#8211; falls der Kunde nicht \u00fcber ein PayPal-Konto verf\u00fcgt \u2013 unter Geltung der Bedingungen f\u00fcr Zahlungen ohne PayPal-Konto, einsehbar unter https:\/\/www.paypal.com\/de\/webapps\/mpp\/ua\/privacywax-full.<br\/><br\/><strong>Lieferung, Porto und Versandbedingungen<\/strong><br\/>Die Lieferung von Waren erfolgt auf dem Versandweg an die vom Kunden angegebene Lieferanschrift, sofern nichts anderes vereinbart ist. Bei der Abwicklung der Transaktion ist die in der Bestellabwicklung des Verk\u00e4ufers angegebene Lieferanschrift ma\u00dfgeblich. Abweichend hiervon ist bei Auswahl der Zahlungsart PayPal die vom Kunden zum Zeitpunkt der Bezahlung bei<br\/>PayPal hinterlegte Lieferanschrift ma\u00dfgeblich.<br\/><br\/>Sendet das Transportunternehmen die versandte Ware an den Verk\u00e4ufer zur\u00fcck, da eine Zustellung beim Kunden nicht m\u00f6glich war, tr\u00e4gt der Kunde die Kosten f\u00fcr den erfolglosen Versand. Dies gilt nicht, wenn der Kunde den Umstand, der zur Unm\u00f6glichkeit der Zustellung gef\u00fchrt hat, nicht zu vertreten hat oder wenn er vor\u00fcbergehend an der Annahme der angebotenen Leistung verhindert war, es sei denn, dass der Verk\u00e4ufer ihm die Leistung eine angemessene Zeit vorher angek\u00fcndigt hatte. Ferner gilt dies im Hinblick auf die Kosten f\u00fcr die Hinsendung nicht, wenn der Kunde sein Widerrufsrecht wirksam aus\u00fcbt. F\u00fcr die R\u00fccksendekosten gilt bei wirksamer Aus\u00fcbung des Widerrufsrechts durch den Kunden die in der Widerrufsbelehrung des Verk\u00e4ufers hierzu getroffene Regelung.<br\/><br\/>Bei Selbstabholung informiert der Verk\u00e4ufer den Kunden zun\u00e4chst per E-Mail dar\u00fcber, dass die von ihm bestellte Ware zur Abholung bereit steht. Nach Erhalt dieser E-Mail kann der Kunde die Ware nach Absprache mit dem Verk\u00e4ufer am Sitz des Verk\u00e4ufers abholen. In diesem Fall werden keineVersandkosten berechnet.<br\/><br\/>Bei Lieferverz\u00f6gerungen werden wir Sie informieren.<br\/><br\/>Hochwertige Kunstobjekte entstehen nicht in Flie\u00dfbandarbeit oder Massenproduktion. Sie d\u00fcrfen von uns ausgesuchte Qualit\u00e4t erwarten. Aus diesem Grund bitten wir Sie, f\u00fcr Lieferzeiten, die bei einigen Produkten durch aufw\u00e4ndige Herstellungsverfahren entstehen k\u00f6nnen, um Ihr Verst\u00e4ndnis. F\u00fcr Porto, Verpackung und Versicherung berechnen wir Ihnen bei Sendungen innerhalb Deutschlands einen Kostenanteil von 3,95 EUR.<br\/><br\/>Die Versandkosten f\u00fcr die Lieferung nach \u00d6sterreich betragen 9,80 EUR, nach Belgien und in die Niederlande 12,00 EUR &#8211; f\u00fcr Bilder in alle drei L\u00e4nder jeweils 14,80 EUR.<br\/><br\/>Die Versandkosten f\u00fcr Sendungen nach Luxemburg betragen 15,00 EUR, in die Schweiz und nach Liechtenstein 20,00 EUR.<br\/>F\u00fcr Lieferungen ins \u00fcbrige EU-Ausland (ohne Inseln) berechnen wir einen Kostenanteil von 35,00 EUR. Bei Lieferungen ins Nicht-EU-Ausland sowie zu Inseln des EU-Auslands betragen die Versandkosten 95,00 EUR.<br\/><br\/><strong>Zoll- oder Einfuhrgeb\u00fchren f\u00fcr Warenlieferungen au\u00dferhalb Deutschlands<\/strong><br\/>Unser Haus kann keinen Einfluss auf die von den Empf\u00e4ngerl\u00e4ndern erhobenen Geb\u00fchren nehmen und diese auch nicht vorab mitteilen. Die Zollbestimmungen der Empf\u00e4ngerl\u00e4nder sind nicht vereinheitlicht. Sofern Sie hierzu genauere Informationen ben\u00f6tigen, wenden Sie sich bitte an das f\u00fcr Ihre Region zust\u00e4ndige Zollamt. Bitte beachten Sie, dass Sie bei der Einfuhr von Waren die jeweiligen Landesvorschriften einzuhalten haben.<br\/><br\/>Beachten Sie bitte, das f\u00fcr Lieferungen in die Schweiz und nach Liechtenstein Abgaben (z.B. Zollgeb\u00fchren, Mehrwertsteuer) anfallen k\u00f6nnen. Fragen zum Umfang der Abgaben oder zu den Details der Einfuhrabwicklung beantwortet Ihnen die Zollbeh\u00f6rde der Schweizerischen Eidgenossenschaft.<\/p>\n<div class=\"woocommerce woocommerce-gzd woocommerce-gzd-complaints-shortcode\">\n\t\t\t<h3>Alternative Streitbeilegung gem\u00e4\u00df Art. 14 Abs. 1 ODR-VO und \u00a7 36 VSBG:<\/h3>\n\t\nWe are in principle prepared to participate in an extrajudicial arbitration proceeding.<\/div>\n","protected":false},"excerpt":{"rendered":"<p>AGB\/Widerrufsbelehrung Angaben gem\u00e4\u00df \u00a7 5 TMGKatharina ForsterAm Zernsee 7c14542 Werder (Havel)DeutschlandSteuernummer: 048\/220\/11603 KontaktE-Mail: shop@meandmyhands.com 1 Geltung, BegriffsdefinitionenMeandmyhands \u2013 Katharina Forster, Am Zernsee 7c, 14542 Werder Havel, Deutschland, Telefon: 015755832939, (im Folgenden: \u201ewir\/uns\u201c) betreibt unter der Webseite https:\/\/meandmyhands.com einen Online-Shop f\u00fcr Kunstwerke. Die nachfolgenden allgemeinen Gesch\u00e4ftsbedingungen gelten f\u00fcr alle Leistungen zwischen uns und unseren Kunden (im [&hellip;]<\/p>\n","protected":false},"author":1,"featured_media":0,"parent":0,"menu_order":0,"comment_status":"closed","ping_status":"closed","template":"","meta":{"_acf_changed":false,"footnotes":""},"class_list":["post-6038","page","type-page","status-publish","hentry"],"acf":[],"_links":{"self":[{"href":"https:\/\/www.meandmyhands.com\/de\/wp-json\/wp\/v2\/pages\/6038","targetHints":{"allow":["GET"]}}],"collection":[{"href":"https:\/\/www.meandmyhands.com\/de\/wp-json\/wp\/v2\/pages"}],"about":[{"href":"https:\/\/www.meandmyhands.com\/de\/wp-json\/wp\/v2\/types\/page"}],"author":[{"embeddable":true,"href":"https:\/\/www.meandmyhands.com\/de\/wp-json\/wp\/v2\/users\/1"}],"replies":[{"embeddable":true,"href":"https:\/\/www.meandmyhands.com\/de\/wp-json\/wp\/v2\/comments?post=6038"}],"version-history":[{"count":3,"href":"https:\/\/www.meandmyhands.com\/de\/wp-json\/wp\/v2\/pages\/6038\/revisions"}],"predecessor-version":[{"id":6041,"href":"https:\/\/www.meandmyhands.com\/de\/wp-json\/wp\/v2\/pages\/6038\/revisions\/6041"}],"wp:attachment":[{"href":"https:\/\/www.meandmyhands.com\/de\/wp-json\/wp\/v2\/media?parent=6038"}],"curies":[{"name":"wp","href":"https:\/\/api.w.org\/{rel}","templated":true}]}}