{"id":6015,"date":"2026-01-10T15:33:52","date_gmt":"2026-01-10T14:33:52","guid":{"rendered":"https:\/\/www.meandmyhands.com\/objekte\/teebeutel\/"},"modified":"2026-01-10T15:33:53","modified_gmt":"2026-01-10T14:33:53","slug":"teebeutel","status":"publish","type":"page","link":"https:\/\/www.meandmyhands.com\/de\/objekte\/teebeutel\/","title":{"rendered":"Teebeutel"},"content":{"rendered":"<div class=\"wpb-content-wrapper\"><p>[vc_row][vc_column][proton_page_heading title=&#8221;Teebeutel&#8221;][\/proton_page_heading][\/vc_column][\/vc_row][vc_row][vc_column][vc_column_text]Teebeutel, gew\u00f6hnliche und gebrauchte Teebeutel wurden f\u00fcr diese Arbeiten verwendet und ab und an mit anderen Materialien erg\u00e4nzt.<\/p>\n<p>Teebeutel sind Teil meiner Arbeitsweise seit 2010, als ich diese zum ersten Mal f\u00fcr eine Arbeit zum Thema sexuellem Mi\u00dfbrauch und darauf folgender Schwangerschaft benutzte. Die Zartheit der Teebeutel und der Zustand des &#8216;benutzt&#8217; seins faszinieren mich seitdem. Teebeutel mit Draht zu kombinieren spielt mit den gegens\u00e4tzlichen Qualit\u00e4ten von Gewalt H\u00e4rte, M\u00e4nnlichkeit und Weiblichkeit, Verletzlichkeit und h\u00e4uslicher Geborgenheit.[\/vc_column_text][\/vc_column][\/vc_row][vc_row][vc_column][proton_portfolio sortable=&#8221;true&#8221; metro_layout=&#8221;true&#8221; loop=&#8221;order_by:rand|ignore_sticky_posts:1&#8243;][\/vc_column][\/vc_row]<\/p>\n<\/div>","protected":false},"excerpt":{"rendered":"<p>[vc_row][vc_column][proton_page_heading title=&#8221;Teebeutel&#8221;][\/proton_page_heading][\/vc_column][\/vc_row][vc_row][vc_column][vc_column_text]Teebeutel, gew\u00f6hnliche und gebrauchte Teebeutel wurden f\u00fcr diese Arbeiten verwendet und ab und an mit anderen Materialien erg\u00e4nzt. Teebeutel sind Teil meiner Arbeitsweise seit 2010, als ich diese zum ersten Mal f\u00fcr eine Arbeit zum Thema sexuellem Mi\u00dfbrauch und darauf folgender Schwangerschaft benutzte. Die Zartheit der Teebeutel und der Zustand des &#8216;benutzt&#8217; seins faszinieren [&hellip;]<\/p>\n","protected":false},"author":2,"featured_media":1754,"parent":4995,"menu_order":0,"comment_status":"closed","ping_status":"closed","template":"","meta":{"_acf_changed":false,"footnotes":""},"class_list":["post-6015","page","type-page","status-publish","has-post-thumbnail","hentry"],"acf":[],"_links":{"self":[{"href":"https:\/\/www.meandmyhands.com\/de\/wp-json\/wp\/v2\/pages\/6015","targetHints":{"allow":["GET"]}}],"collection":[{"href":"https:\/\/www.meandmyhands.com\/de\/wp-json\/wp\/v2\/pages"}],"about":[{"href":"https:\/\/www.meandmyhands.com\/de\/wp-json\/wp\/v2\/types\/page"}],"author":[{"embeddable":true,"href":"https:\/\/www.meandmyhands.com\/de\/wp-json\/wp\/v2\/users\/2"}],"replies":[{"embeddable":true,"href":"https:\/\/www.meandmyhands.com\/de\/wp-json\/wp\/v2\/comments?post=6015"}],"version-history":[{"count":2,"href":"https:\/\/www.meandmyhands.com\/de\/wp-json\/wp\/v2\/pages\/6015\/revisions"}],"predecessor-version":[{"id":6017,"href":"https:\/\/www.meandmyhands.com\/de\/wp-json\/wp\/v2\/pages\/6015\/revisions\/6017"}],"up":[{"embeddable":true,"href":"https:\/\/www.meandmyhands.com\/de\/wp-json\/wp\/v2\/pages\/4995"}],"wp:featuredmedia":[{"embeddable":true,"href":"https:\/\/www.meandmyhands.com\/de\/wp-json\/wp\/v2\/media\/1754"}],"wp:attachment":[{"href":"https:\/\/www.meandmyhands.com\/de\/wp-json\/wp\/v2\/media?parent=6015"}],"curies":[{"name":"wp","href":"https:\/\/api.w.org\/{rel}","templated":true}]}}