{"id":4995,"date":"2024-12-14T13:42:19","date_gmt":"2024-12-14T12:42:19","guid":{"rendered":"https:\/\/www.meandmyhands.com\/objekte\/"},"modified":"2026-01-10T16:26:04","modified_gmt":"2026-01-10T15:26:04","slug":"objekte","status":"publish","type":"page","link":"https:\/\/www.meandmyhands.com\/de\/objekte\/","title":{"rendered":"OBJEKTE"},"content":{"rendered":"<div class=\"wpb-content-wrapper\"><p>[vc_row css=&#8221;.vc_custom_1677794976857{padding-top: 50px !important;}&#8221;][vc_column][proton_page_heading title=&#8221;OBJEKTE&#8221;][\/proton_page_heading][\/vc_column][\/vc_row][vc_row][vc_column][vc_column_text]Diese Objekte bestehen aus gefundenen, gebrauchten und oft weggeworfenen Materialien.<\/p>\n<p>Im Laufe meiner Arbeit habe ich mich f\u00fcr eine Vielzahl von Materialien interessiert, doch gebrauchte, getrocknete Teebeutel und einfarbige Kunststoffe sind zu meinen bevorzugten Arbeitsmaterialien geworden.<\/p>\n<p>Mich fasziniert nicht nur ihre Form und Farbe, sondern vor allem ihre fr\u00fcheren Nutzungen \u2013 die Spuren eines anderen Lebens, die sie mitbringen.<br \/> Aufgewachsen in einer westlich gepr\u00e4gten Kultur, bin ich sensibel geworden f\u00fcr die wachsende \u201eNotwendigkeit\u201c von Dingen. Der \u00dcberfluss an Objekten kann \u00fcberw\u00e4ltigend sein und einen oftmals zum Verzweifeln bringen.<\/p>\n<p>Die hier gesammelten Objekte spielen mit den Emotionen, die dieser \u00dcberfluss weckt, und laden dazu ein, innezuhalten, wahrzunehmen und unsere Beziehung zu Materialit\u00e4t und Alltagsdingen zu hinterfragen.[\/vc_column_text][\/vc_column][\/vc_row][vc_row][vc_column][proton_portfolio style=&#8221;2&#8243; hover_style=&#8221;3&#8243; text_position=&#8221;2&#8243; hover_effect=&#8221;2&#8243; sortable=&#8221;true&#8221; loop=&#8221;order_by:title|ignore_sticky_posts:1|tax_query:39,32,35&#8243;][\/vc_column][\/vc_row]<\/p>\n<\/div>","protected":false},"excerpt":{"rendered":"<p>[vc_row css=&#8221;.vc_custom_1677794976857{padding-top: 50px !important;}&#8221;][vc_column][proton_page_heading title=&#8221;OBJEKTE&#8221;][\/proton_page_heading][\/vc_column][\/vc_row][vc_row][vc_column][vc_column_text]Diese Objekte bestehen aus gefundenen, gebrauchten und oft weggeworfenen Materialien. Im Laufe meiner Arbeit habe ich mich f\u00fcr eine Vielzahl von Materialien interessiert, doch gebrauchte, getrocknete Teebeutel und einfarbige Kunststoffe sind zu meinen bevorzugten Arbeitsmaterialien geworden. Mich fasziniert nicht nur ihre Form und Farbe, sondern vor allem ihre fr\u00fcheren Nutzungen \u2013 [&hellip;]<\/p>\n","protected":false},"author":1,"featured_media":0,"parent":0,"menu_order":0,"comment_status":"closed","ping_status":"closed","template":"","meta":{"_acf_changed":false,"footnotes":""},"class_list":["post-4995","page","type-page","status-publish","hentry"],"acf":[],"_links":{"self":[{"href":"https:\/\/www.meandmyhands.com\/de\/wp-json\/wp\/v2\/pages\/4995","targetHints":{"allow":["GET"]}}],"collection":[{"href":"https:\/\/www.meandmyhands.com\/de\/wp-json\/wp\/v2\/pages"}],"about":[{"href":"https:\/\/www.meandmyhands.com\/de\/wp-json\/wp\/v2\/types\/page"}],"author":[{"embeddable":true,"href":"https:\/\/www.meandmyhands.com\/de\/wp-json\/wp\/v2\/users\/1"}],"replies":[{"embeddable":true,"href":"https:\/\/www.meandmyhands.com\/de\/wp-json\/wp\/v2\/comments?post=4995"}],"version-history":[{"count":7,"href":"https:\/\/www.meandmyhands.com\/de\/wp-json\/wp\/v2\/pages\/4995\/revisions"}],"predecessor-version":[{"id":6047,"href":"https:\/\/www.meandmyhands.com\/de\/wp-json\/wp\/v2\/pages\/4995\/revisions\/6047"}],"wp:attachment":[{"href":"https:\/\/www.meandmyhands.com\/de\/wp-json\/wp\/v2\/media?parent=4995"}],"curies":[{"name":"wp","href":"https:\/\/api.w.org\/{rel}","templated":true}]}}