{"id":4012,"date":"2024-07-08T13:12:01","date_gmt":"2024-07-08T11:12:01","guid":{"rendered":"https:\/\/www.meandmyhands.com\/?page_id=4012"},"modified":"2026-02-14T19:08:52","modified_gmt":"2026-02-14T18:08:52","slug":"ueber-mich","status":"publish","type":"page","link":"https:\/\/www.meandmyhands.com\/de\/ueber-mich\/","title":{"rendered":"KATHARINA FORSTER"},"content":{"rendered":"<div class=\"wpb-content-wrapper\"><p>[vc_row gap=&#8221;20&#8243; row_top_spacing=&#8221;4&#8243; row_bottom_spacing=&#8221;1&#8243; css=&#8221;.vc_custom_1678274882001{padding-bottom: 50px !important;}&#8221;][vc_column][proton_page_heading title=&#8221;KATHARINA FORSTER&#8221;][\/proton_page_heading][vc_row_inner][vc_column_inner][vc_column_text][\/vc_column_text][vc_column_text]<\/p>\n<h4>AKTUELLE AUSSTELLUNGEN<\/h4>\n<p>Kunst in Werder<\/p>\n<p>5. Bestandsaufnahme<\/p>\n<p>Opening 25.2.2026 7pm<\/p>\n<p>KunstGeschoss Werder (Havel)<\/p>\n<p><em>ABACABA<\/em> &#8211; gemeinsame Ausstellung der K\u00fcnstlerinnen <a href=\"https:\/\/www.nicoleheinzel.com\/\" target=\"_blank\" rel=\"noopener\">Nicole Heinzel<\/a> und Katharina Forster in der <a href=\"https:\/\/www.kms-pm.de\/de\/region-werder.html\" target=\"_blank\" rel=\"noopener\">Musikschule Werder Havel.<\/a><br \/>\nGe\u00f6ffnet in der Woche zu B\u00fcrozeiten.<\/p>\n<p>Gut erreichbar am Bahnhof Werder, in der Adolf-Damaschke-Stra\u00dfe 60, 14542 Werder (Havel), Katharina Forster zeigt in Fotodruckcollagen mit Stickerei, Arbeiten zum Thema Erinnerung, Sehnsucht, Rhythmus und Wiederholung.[\/vc_column_text][\/vc_column_inner][\/vc_row_inner][\/vc_column][\/vc_row][vc_row gap=&#8221;35&#8243; equal_height=&#8221;yes&#8221; row_bottom_spacing=&#8221;1&#8243;][vc_column width=&#8221;1\/2&#8243; css=&#8221;.vc_custom_1678275442826{padding-top: 0px !important;}&#8221;][vc_single_image image=&#8221;2060&#8243; img_size=&#8221;full&#8221; css=&#8221;.vc_custom_1677793183749{padding-bottom: 40px !important;}&#8221;][\/vc_column][vc_column width=&#8221;1\/2&#8243;][vc_column_text css=&#8221;.vc_custom_1712761364052{padding-bottom: 100px !important;}&#8221;]<\/p>\n<h3>KATHARINA FORSTER<\/h3>\n<p>Katharina Forster ist eine international t\u00e4tige K\u00fcnstlerin mit Sitz in Werder (Havel) bei Berlin. Sie ist eines der Gr\u00fcndungsmitglieder des Kunstvereins VulkanKunstWerke, ein gemeinn\u00fctziger Verein, der Kunstevents, Ausstellungen im Ateliervulkanfiberfabrik erm\u00f6glicht. Nebenher arbeitet sie als Dozentin an der Wredow&#8217;schen Kunstschule, leitet Kunstworkshops und ist Partnerin im Landesprogramm <a href=\"https:\/\/klasse-kunst-brandenburg.de\/\" target=\"_blank\" rel=\"noopener\">Klasse:Kunst f\u00fcr Brandenburg<\/a> zur aesthetischen Bildung f\u00fcr Grundschulkinder.<\/p>\n<p>Katharina studierte freie Kunst an der Ruth Prowse School of Art in S\u00fcdafrika. Als freischaffende K\u00fcnstlerin initiierte sie anschlie\u00dfend ONE DAY ART Events in Kapstadt und nahm an internationalen Einzel- und Gruppenausstellungen teil.<br \/>\nBevor sie Kunst studierte, machte Forster eine Ausbildung zur Ergotherapeutin und arbeitet als solche in Berlin.[\/vc_column_text][\/vc_column][\/vc_row][vc_row][vc_column][vc_column_text]<\/p>\n<h3>ARTIST STATEMENT<\/h3>\n<p>Als K\u00fcnstlerin ist es mein Anliegen, Verbindungen zu kn\u00fcpfen. Ich gehe davon aus, dass alles mit allem Verbunden ist.<\/p>\n<p>Alles was wir tun oder nicht tun, hat eine Auswirkung auf andere Menschen, auf unsere Umgebung und auf die Natur. Ich sehe es als meine Aufgabe, auf solche Verbindungen durch meine Kunstwerke hinzuweisen.<\/p>\n<p>Unsere Welt ist komplex. Indem ich mich auf einzelne Aspekte konzentriere, erlange ich Klarheit und werde Handlungsf\u00e4hig.<br \/>\nMeine Kunst hilft, den \u00dcberblick zu bewahren, indem ich meinen Fokus auf einzelne Dinge setze.<\/p>\n<p>Da ich immer Materialien aus dem direkten Alltag nehme, ist der Bezug zu diesem auch gegeben. Gleichfalls tut mir pers\u00f6nlich das physische T\u00e4tigkeit sein mit meinen H\u00e4nden sehr gut. Wenn ich nichts tue, f\u00fchle ich mich hilflos. Meine Kunst hilft, den Blick auf Einzelaspekte unserer komplexen Welt zu lenken und uns t\u00e4glich daran zu erinnern, dass wir etwas tun k\u00f6nnen.<\/p>\n<p>Mich inspirieren der &#8216;normale&#8217; Alltag und, durch mein Kunststudium in S\u00fcdafrika, auch die globalen Zusammenh\u00e4nge. Immer mit dem Ziel vor Augen, ein friedvolles, nachhaltiges Miteinander zu gestalten.<br \/>\nSo flie\u00dfen wirtschaftliche, politische, \u00f6kologische und soziale Fragestellungen unterschiedlichster Kulturen, in meinen Werken zusammen.<\/p>\n<p>Die sich wiederholenden Handgriffe meiner Arbeitsweise haben einen meditativen Charakter, der unterst\u00fctzend wirkt, im Frieden mit mir selbst zu sein und zu bleiben.<br \/>\nMeine Werke dagegen sind oft sehr fragil, wie der Zustand eines Menschen, einer Gesellschaft, der Welt.[\/vc_column_text][\/vc_column][\/vc_row]<\/p>\n<\/div>","protected":false},"excerpt":{"rendered":"<p>[vc_row gap=&#8221;20&#8243; row_top_spacing=&#8221;4&#8243; row_bottom_spacing=&#8221;1&#8243; css=&#8221;.vc_custom_1678274882001{padding-bottom: 50px !important;}&#8221;][vc_column][proton_page_heading title=&#8221;KATHARINA FORSTER&#8221;][\/proton_page_heading][vc_row_inner][vc_column_inner][vc_column_text][\/vc_column_text][vc_column_text] AKTUELLE AUSSTELLUNGEN Kunst in Werder 5. Bestandsaufnahme Opening 25.2.2026 7pm KunstGeschoss Werder (Havel) ABACABA &#8211; gemeinsame Ausstellung der K\u00fcnstlerinnen Nicole Heinzel und Katharina Forster in der Musikschule Werder Havel. Ge\u00f6ffnet in der Woche zu B\u00fcrozeiten. Gut erreichbar am Bahnhof Werder, in der Adolf-Damaschke-Stra\u00dfe 60, 14542 Werder [&hellip;]<\/p>\n","protected":false},"author":1,"featured_media":0,"parent":0,"menu_order":0,"comment_status":"closed","ping_status":"closed","template":"","meta":{"_acf_changed":false,"footnotes":""},"class_list":["post-4012","page","type-page","status-publish","hentry"],"acf":[],"_links":{"self":[{"href":"https:\/\/www.meandmyhands.com\/de\/wp-json\/wp\/v2\/pages\/4012","targetHints":{"allow":["GET"]}}],"collection":[{"href":"https:\/\/www.meandmyhands.com\/de\/wp-json\/wp\/v2\/pages"}],"about":[{"href":"https:\/\/www.meandmyhands.com\/de\/wp-json\/wp\/v2\/types\/page"}],"author":[{"embeddable":true,"href":"https:\/\/www.meandmyhands.com\/de\/wp-json\/wp\/v2\/users\/1"}],"replies":[{"embeddable":true,"href":"https:\/\/www.meandmyhands.com\/de\/wp-json\/wp\/v2\/comments?post=4012"}],"version-history":[{"count":18,"href":"https:\/\/www.meandmyhands.com\/de\/wp-json\/wp\/v2\/pages\/4012\/revisions"}],"predecessor-version":[{"id":6055,"href":"https:\/\/www.meandmyhands.com\/de\/wp-json\/wp\/v2\/pages\/4012\/revisions\/6055"}],"wp:attachment":[{"href":"https:\/\/www.meandmyhands.com\/de\/wp-json\/wp\/v2\/media?parent=4012"}],"curies":[{"name":"wp","href":"https:\/\/api.w.org\/{rel}","templated":true}]}}